{"id":1819,"date":"2021-05-12T14:42:30","date_gmt":"2021-05-12T14:42:30","guid":{"rendered":"http:\/\/podziemnyolkusz.pl\/?page_id=1819"},"modified":"2023-12-12T08:52:33","modified_gmt":"2023-12-12T08:52:33","slug":"kup-bilet","status":"publish","type":"page","link":"https:\/\/podziemnyolkusz.pl\/index.php\/kup-bilet\/","title":{"rendered":"Kup bilet"},"content":{"rendered":"\t\t<div data-elementor-type=\"wp-page\" data-elementor-id=\"1819\" class=\"elementor elementor-1819\" data-elementor-post-type=\"page\">\n\t\t\t\t\t\t<section class=\"elementor-section elementor-top-section elementor-element elementor-element-2639072 elementor-section-boxed elementor-section-height-default elementor-section-height-default\" data-id=\"2639072\" data-element_type=\"section\" data-e-type=\"section\">\n\t\t\t\t\t\t<div class=\"elementor-container elementor-column-gap-default\">\n\t\t\t\t\t<div class=\"elementor-column elementor-col-100 elementor-top-column elementor-element elementor-element-8298bef\" data-id=\"8298bef\" data-element_type=\"column\" data-e-type=\"column\">\n\t\t\t<div class=\"elementor-widget-wrap elementor-element-populated\">\n\t\t\t\t\t\t<div class=\"elementor-element elementor-element-3e7bdff elementor-widget elementor-widget-heading\" data-id=\"3e7bdff\" data-element_type=\"widget\" data-e-type=\"widget\" data-widget_type=\"heading.default\">\n\t\t\t\t<div class=\"elementor-widget-container\">\n\t\t\t\t\t<h1 class=\"elementor-heading-title elementor-size-default\">Bilety na zwiedzanie indywidualne i grupowe<\/h1>\t\t\t\t<\/div>\n\t\t\t\t<\/div>\n\t\t\t\t<div class=\"elementor-element elementor-element-4440e5f elementor-widget elementor-widget-text-editor\" data-id=\"4440e5f\" data-element_type=\"widget\" data-e-type=\"widget\" data-widget_type=\"text-editor.default\">\n\t\t\t\t<div class=\"elementor-widget-container\">\n\t\t\t\t\t\t\t\t\t<p>Cena uwzgl\u0119dnia op\u0142at\u0119 serwisow\u0105 przy zakupie przez portal biletyna.pl<\/p>\t\t\t\t\t\t\t\t<\/div>\n\t\t\t\t<\/div>\n\t\t\t\t<div class=\"elementor-element elementor-element-c9e528d elementor-widget elementor-widget-text-editor\" data-id=\"c9e528d\" data-element_type=\"widget\" data-e-type=\"widget\" data-widget_type=\"text-editor.default\">\n\t\t\t\t<div class=\"elementor-widget-container\">\n\t\t\t\t\t\t\t\t\t<div id=\"biletyna_iframe\"><\/div>\n<script type=\"text\/javascript\" src=\"https:\/\/biletyna.pl\/javascript?ifid=295\" async><\/script>\t\t\t\t\t\t\t\t<\/div>\n\t\t\t\t<\/div>\n\t\t\t\t\t<\/div>\n\t\t<\/div>\n\t\t\t\t\t<\/div>\n\t\t<\/section>\n\t\t\t\t<\/div>\n\t\t","protected":false},"excerpt":{"rendered":"<p>Bilety na zwiedzanie indywidualne i grupowe Cena uwzgl\u0119dnia op\u0142at\u0119 serwisow\u0105 przy zakupie przez portal biletyna.pl<\/p>\n","protected":false},"author":1,"featured_media":0,"parent":0,"menu_order":0,"comment_status":"closed","ping_status":"closed","template":"elementor_header_footer","meta":{"_monsterinsights_skip_tracking":false,"_monsterinsights_sitenote_active":false,"_monsterinsights_sitenote_note":"","_monsterinsights_sitenote_category":0,"footnotes":""},"class_list":["post-1819","page","type-page","status-publish","hentry"],"aioseo_notices":[],"publishpress_future_action":{"enabled":false,"date":"2026-05-11 08:19:15","action":"change-status","newStatus":"draft","terms":[],"taxonomy":"","extraData":[]},"publishpress_future_workflow_manual_trigger":{"enabledWorkflows":[]},"_links":{"self":[{"href":"https:\/\/podziemnyolkusz.pl\/index.php\/wp-json\/wp\/v2\/pages\/1819","targetHints":{"allow":["GET"]}}],"collection":[{"href":"https:\/\/podziemnyolkusz.pl\/index.php\/wp-json\/wp\/v2\/pages"}],"about":[{"href":"https:\/\/podziemnyolkusz.pl\/index.php\/wp-json\/wp\/v2\/types\/page"}],"author":[{"embeddable":true,"href":"https:\/\/podziemnyolkusz.pl\/index.php\/wp-json\/wp\/v2\/users\/1"}],"replies":[{"embeddable":true,"href":"https:\/\/podziemnyolkusz.pl\/index.php\/wp-json\/wp\/v2\/comments?post=1819"}],"version-history":[{"count":9,"href":"https:\/\/podziemnyolkusz.pl\/index.php\/wp-json\/wp\/v2\/pages\/1819\/revisions"}],"predecessor-version":[{"id":5312,"href":"https:\/\/podziemnyolkusz.pl\/index.php\/wp-json\/wp\/v2\/pages\/1819\/revisions\/5312"}],"wp:attachment":[{"href":"https:\/\/podziemnyolkusz.pl\/index.php\/wp-json\/wp\/v2\/media?parent=1819"}],"curies":[{"name":"wp","href":"https:\/\/api.w.org\/{rel}","templated":true}]}}